{"id":1099,"date":"2021-03-10T22:43:10","date_gmt":"2021-03-10T22:43:10","guid":{"rendered":"http:\/\/el.commonsupport.com\/newwp\/blackcats\/?page_id=1099"},"modified":"2021-11-30T13:23:23","modified_gmt":"2021-11-30T16:23:23","slug":"maintenance","status":"publish","type":"page","link":"https:\/\/beengurion.telconet.cl\/corp\/services\/maintenance\/","title":{"rendered":"Rastreo Satelital de Flotas"},"content":{"rendered":"\t\t<div data-elementor-type=\"wp-page\" data-elementor-id=\"1099\" class=\"elementor elementor-1099\" data-elementor-settings=\"[]\">\n\t\t\t\t\t\t<div class=\"elementor-inner\">\n\t\t\t\t\t\t\t<div class=\"elementor-section-wrap\">\n\t\t\t\t\t\t\t<section class=\"elementor-section elementor-top-section elementor-element elementor-element-dae6b03 elementor-section-boxed elementor-section-height-default elementor-section-height-default\" data-id=\"dae6b03\" data-element_type=\"section\">\n\t\t\t\t\t\t<div class=\"elementor-container elementor-column-gap-default\">\n\t\t\t\t\t\t\t<div class=\"elementor-row\">\n\t\t\t\t\t<div class=\"elementor-column elementor-col-100 elementor-top-column elementor-element elementor-element-7513a8f\" data-id=\"7513a8f\" data-element_type=\"column\">\n\t\t\t<div class=\"elementor-column-wrap elementor-element-populated\">\n\t\t\t\t\t\t\t<div class=\"elementor-widget-wrap\">\n\t\t\t\t\t\t<div class=\"elementor-element elementor-element-96b8347 elementor-widget elementor-widget-blackcats_service_details\" data-id=\"96b8347\" data-element_type=\"widget\" data-widget_type=\"blackcats_service_details.default\">\n\t\t\t\t<div class=\"elementor-widget-container\">\n\t\t\t        \n        <!-- service-details -->\n        <section class=\"service-details sec-pad\">\n            <div class=\"auto-container\">\n                <div class=\"row clearfix\">\n                    <div class=\"col-lg-4 col-md-12 col-sm-12 sidebar-side\">\n                        <div class=\"service-sidebar default-sidebar\">\n                                                    <\/div>\n                    <\/div>\n\t\t\t\t\t\n                    <div class=\"col-lg-8 col-md-12 col-sm-12 content-side\">\n                        <div class=\"service-details-content\">\n                            <div class=\"content-one\">\n                                <figure class=\"image-box\"><img decoding=\"async\" src=\"https:\/\/beengurion.telconet.cl\/corp\/wp-content\/uploads\/2021\/11\/thumbnail_IMG_8587.jpg\" alt=\"Awesome Image\"><\/figure>\n                                <div class=\"text\">\n                                    <h2><\/h2>\n                                    <p>Beengurion Security C\u00eda. Ltda. cuenta con una plataforma de rastreo de flotas que se encuentra a la vanguardia en tecnolog\u00eda GPS y satelital. Nuestro servicio permite que Usted o nuestro centro de monitoreo realice la gesti\u00f3n de vigilancia sobre sus veh\u00edculos<\/p>\n                                <\/div>\n                            <\/div>\n\t\t\t\t\t\t\t\n\t\t\t\t\t\t\t                            <div class=\"content-two\">\n                                                                <div class=\"inner-box\">\n                                    <div class=\"row clearfix\">\n\t\t\t\t\t\t\t\t\t\t                                        <div class=\"col-lg-6 col-md-6 col-sm-12 text-column\">\n                                            <div class=\"text\">\n                                                <div class=\"icon-box\"><i class=\"icon-checked\"><\/i><\/div>\n                                                <h4>Ventajas<\/h4>\n                                                <span><\/span>\n                                                <p><\/p>\n\t\t\t\t\t\t\t\t\t\t\t\t\n\t\t\t\t\t\t\t\t\t\t\t\t\t\t\t\t\t\t\t\t\t\t\t\t<ul class=\"list clearfix\">\n\t\t\t\t\t\t\t\t\t\t\t\t\t\t\t\t\t\t\t\t\t\t\t\t\t\t<li>Rastreo en tiempo real de veh\u00edculos<\/li>\n\t\t\t\t\t\t\t\t\t\t\t\t\t\t\t\t\t\t\t\t\t\t\t\t\t\t<li>Prevenci\u00f3n de robos<\/li>\n\t\t\t\t\t\t\t\t\t\t\t\t\t\t\t\t\t\t\t\t\t\t\t\t\t\t<li>Detecci\u00f3n de uso malicioso de veh\u00edculos<\/li>\n\t\t\t\t\t\t\t\t\t\t\t\t\t\t\t\t\t\t\t\t\t\t\t\t\t\t<li>Monitoreo de toda su flota<\/li>\n\t\t\t\t\t\t\t\t\t\t\t\t\t\t\t\t\t\t\t\t\t\t\t\t\t<\/ul>\n\t\t\t\t\t\t\t\t\t\t\t\t                                            <\/div>\n                                        <\/div>\n                                        <div class=\"col-lg-6 col-md-6 col-sm-12 image-column\">\n                                            <figure class=\"image-box\"><img decoding=\"async\" src=\"https:\/\/beengurion.telconet.cl\/corp\/wp-content\/uploads\/2021\/11\/thumbnail_IMG_8591.jpg\" alt=\"Awesome Image\"><\/figure>\n                                        <\/div>\n\t\t\t\t\t\t\t\t\t\t                                    <\/div>\n                                <\/div>\n\t\t\t\t\t\t\t\t                            <\/div>\n\t\t\t\t\t\t\t\t\t\t\t\t\t\t\n                            <div class=\"content-three\">\n                                <div class=\"text\">\n                                    <h2><\/h2>\n                                    <p><\/p>\n                                <\/div>\n\t\t\t\t\t\t\t\t\n\t\t\t\t\t\t\t\t                            <\/div>\n                            <div class=\"content-four\">\n                                <div class=\"row clearfix\">\n\t\t\t\t\t\t\t\t\t                                <\/div>\n                            <\/div>\n                        <\/div>\n                    <\/div>\n                <\/div>\n            <\/div>\n        <\/section>\n        <!-- service-details end -->\n        \n        \t\t<\/div>\n\t\t\t\t<\/div>\n\t\t\t\t\t\t<\/div>\n\t\t\t\t\t<\/div>\n\t\t<\/div>\n\t\t\t\t\t\t\t\t<\/div>\n\t\t\t\t\t<\/div>\n\t\t<\/section>\n\t\t\t\t\t\t<\/div>\n\t\t\t\t\t\t<\/div>\n\t\t\t\t\t<\/div>\n\t\t","protected":false},"excerpt":{"rendered":"<p>Beengurion Security C\u00eda. Ltda. cuenta con una plataforma de rastreo de flotas que se encuentra a la vanguardia en tecnolog\u00eda GPS y satelital. Nuestro servicio permite que Usted o nuestro centro de monitoreo realice la gesti\u00f3n de vigilancia sobre sus veh\u00edculos Ventajas Rastreo en tiempo real de veh\u00edculos Prevenci\u00f3n de robos Detecci\u00f3n de uso malicioso [&hellip;]<\/p>\n","protected":false},"author":1,"featured_media":0,"parent":1045,"menu_order":0,"comment_status":"closed","ping_status":"closed","template":"","meta":{"footnotes":""},"class_list":["post-1099","page","type-page","status-publish","hentry"],"_links":{"self":[{"href":"https:\/\/beengurion.telconet.cl\/corp\/wp-json\/wp\/v2\/pages\/1099","targetHints":{"allow":["GET"]}}],"collection":[{"href":"https:\/\/beengurion.telconet.cl\/corp\/wp-json\/wp\/v2\/pages"}],"about":[{"href":"https:\/\/beengurion.telconet.cl\/corp\/wp-json\/wp\/v2\/types\/page"}],"author":[{"embeddable":true,"href":"https:\/\/beengurion.telconet.cl\/corp\/wp-json\/wp\/v2\/users\/1"}],"replies":[{"embeddable":true,"href":"https:\/\/beengurion.telconet.cl\/corp\/wp-json\/wp\/v2\/comments?post=1099"}],"version-history":[{"count":23,"href":"https:\/\/beengurion.telconet.cl\/corp\/wp-json\/wp\/v2\/pages\/1099\/revisions"}],"predecessor-version":[{"id":2552,"href":"https:\/\/beengurion.telconet.cl\/corp\/wp-json\/wp\/v2\/pages\/1099\/revisions\/2552"}],"up":[{"embeddable":true,"href":"https:\/\/beengurion.telconet.cl\/corp\/wp-json\/wp\/v2\/pages\/1045"}],"wp:attachment":[{"href":"https:\/\/beengurion.telconet.cl\/corp\/wp-json\/wp\/v2\/media?parent=1099"}],"curies":[{"name":"wp","href":"https:\/\/api.w.org\/{rel}","templated":true}]}}